{"id":309,"date":"2018-02-16T08:21:17","date_gmt":"2018-02-16T08:21:17","guid":{"rendered":"http:\/\/www.avukatipekoyakural.com\/de\/?page_id=309"},"modified":"2024-11-23T12:40:39","modified_gmt":"2024-11-23T12:40:39","slug":"vekaletname","status":"publish","type":"page","link":"https:\/\/www.avukatipekoyakural.com\/de\/vekaletname\/","title":{"rendered":"Vekaletname"},"content":{"rendered":"<p><strong>Vektor-Informationen<\/strong><br \/>\nDie Vollmacht wird in der Vollmacht ausgestellt, die von der Person nach den folgenden Angaben des Notars zu erteilen ist. Dies kann von jedem Notar vorgenommen werden.<\/p>\n<p>Sie m\u00fcssen ein Dokument vorlegen, aus dem hervorgeht, dass Sie bei der Erteilung einer Vollmacht im Namen des Unternehmens Gesch\u00e4ftsf\u00fchrer eines Unternehmens sind. Wenn Sie bereit sind, die Vollmacht im Namen sowohl der Einzelperson als auch des Unternehmens zu entfernen, reicht es aus, den Satz ad\u0131na pers\u00f6nlich im Namen meiner Person, stellvertretend f\u00fcr die allgemeine Vollmacht, hinzuzuf\u00fcgen.<\/p>\n<p>Im Falle der Anerkennung und der Erteilung der Vollmacht f\u00fcr die Vollstreckung der Vollstreckung; \u201aHerausgegeben von ausl\u00e4ndischen Gerichten in der T\u00fcrkei, die Anerkennung und Vollstreckung gerichtlicher Entscheidungen\u2018 allgemeiner S\u00e4tze sollten an den Proxy hinzugef\u00fcgt werden.<\/p>\n<p>Name &#8211; \u00c4nderung des Familiennamens, Alters\u00e4nderung in den F\u00e4llen der Vollmacht in Vollmacht; Notar der \u00d6ffentlichkeit zu erkl\u00e4ren, eine solche Klage zu erkl\u00e4ren, &#8220;um Klagen zu \u00f6ffnen, um einen Fall zu \u00f6ffnen, um den Namen und Nachnamen zu \u00e4ndern&#8221; in der Erkl\u00e4rung hinzugef\u00fcgt werden.<\/p>\n<p>Im Falle der Scheidung, vertragliche Scheidung und Scheidung \u00fcber die Erteilung der Vollmacht; Die Vollmacht muss erl\u00e4utert werden und eine allgemeine Vollmacht mit dem Wort &#8220;Scheidung&#8221; wird erteilt.<\/p>\n<p>Anwaltsinformation, die Anwalt gibt:<\/p>\n<p>Rechtsanwalt\u00a0 : Ipek Oya Kural<br \/>\nAdresse\u00a0 \u00a0 \u00a0 \u00a0 \u00a0 \u00a0: \u00a0Yildiz Mah. Ciragan Cad. Fuat Kirsan Apt. No:43 Daire:2 Besiktas \/ Istanbul<br \/>\nVergi Dairesi\u00a0 : Besiktas<br \/>\nVergi No\u00a0 \u00a0 \u00a0 \u00a0 \u00a0: 5930213995<br \/>\nTC Kimlik No : 18781419638<br \/>\nBaro\u00a0 \u00a0 \u00a0 \u00a0 \u00a0 \u00a0 \u00a0 \u00a0 : ISTANBUL<br \/>\nBaro Sicil No : 60162<\/p>\n<p><img decoding=\"async\" class=\"alignnone size-full wp-image-987\" src=\"https:\/\/www.avukatipekoyakural.com\/de\/wp-content\/uploads\/2024\/02\/yenilogoavipek150DE.png\" alt=\"\" width=\"111\" height=\"150\" \/><\/p>\n","protected":false},"excerpt":{"rendered":"<p> <span class=\"more-button\"><a class=\"button-minimal\" href=\"https:\/\/www.avukatipekoyakural.com\/de\/vekaletname\/\">Devam\u0131n\u0131 Oku &#8230;<\/a><\/span><\/p>\n","protected":false},"author":1,"featured_media":0,"parent":0,"menu_order":0,"comment_status":"closed","ping_status":"closed","template":"","meta":{"footnotes":""},"class_list":["post-309","page","type-page","status-publish","hentry"],"_links":{"self":[{"href":"https:\/\/www.avukatipekoyakural.com\/de\/wp-json\/wp\/v2\/pages\/309","targetHints":{"allow":["GET"]}}],"collection":[{"href":"https:\/\/www.avukatipekoyakural.com\/de\/wp-json\/wp\/v2\/pages"}],"about":[{"href":"https:\/\/www.avukatipekoyakural.com\/de\/wp-json\/wp\/v2\/types\/page"}],"author":[{"embeddable":true,"href":"https:\/\/www.avukatipekoyakural.com\/de\/wp-json\/wp\/v2\/users\/1"}],"replies":[{"embeddable":true,"href":"https:\/\/www.avukatipekoyakural.com\/de\/wp-json\/wp\/v2\/comments?post=309"}],"version-history":[{"count":23,"href":"https:\/\/www.avukatipekoyakural.com\/de\/wp-json\/wp\/v2\/pages\/309\/revisions"}],"predecessor-version":[{"id":1026,"href":"https:\/\/www.avukatipekoyakural.com\/de\/wp-json\/wp\/v2\/pages\/309\/revisions\/1026"}],"wp:attachment":[{"href":"https:\/\/www.avukatipekoyakural.com\/de\/wp-json\/wp\/v2\/media?parent=309"}],"curies":[{"name":"wp","href":"https:\/\/api.w.org\/{rel}","templated":true}]}}