{"id":36,"date":"2018-02-13T15:26:57","date_gmt":"2018-02-13T15:26:57","guid":{"rendered":"http:\/\/www.avukatipekoyakural.com\/en\/?page_id=36"},"modified":"2024-11-23T13:42:42","modified_gmt":"2024-11-23T10:42:42","slug":"iletisim","status":"publish","type":"page","link":"https:\/\/www.avukatipekoyakural.com\/en\/iletisim\/","title":{"rendered":"\u0130leti\u015fim"},"content":{"rendered":"<div id=\"pl-36\"  class=\"panel-layout\" ><div id=\"pg-36-0\"  class=\"panel-grid panel-no-style\" ><div id=\"pgc-36-0-0\"  class=\"panel-grid-cell\" ><div id=\"panel-36-0-0-0\" class=\"so-panel widget widget_sow-editor panel-first-child panel-last-child\" data-index=\"0\" ><div\n\t\t\t\n\t\t\tclass=\"so-widget-sow-editor so-widget-sow-editor-base\"\n\t\t\t\n\t\t>\n<div class=\"siteorigin-widget-tinymce textwidget\">\n\t<p><a href=\"tel:\/\/08503040212\">0850 304 0 212<\/a><br \/>\n<a href=\"tel:\/\/05325140779\">0532 514 07 79<\/a><br \/>\n<a href=\"mailto:info@avukatipekoyakural.com\">info@avukatipekoyakural.com<\/a><br \/>\n<a href=\"mailto:vekalet@avukatipekoyakural.com\">vekalet@avukatipekoyakural.com<\/a><br \/>\n<a href=\"mailto:ceviri@avukatipekoyakural.com\">ceviri@avukatipekoyakural.com<\/a><br \/>\n<a href=\"mailto:muhasebe@avukatipekoyakural.com\">muhasebe@avukatipekoyakural.com<\/a><br \/>\n<a href=\"mailto:ipek@avukatipekoyakural.com\">ipek@avukatipekoyakural.com<\/a><br \/>\n<a href=\"mailto:ayhan@avukatipekoyakural.com\">ayhan@avukatipekoyakural.com<\/a><br \/>\n<a href=\"mailto:aysegul@avukatipekoyakural.com\">aysegul@avukatipekoyakural.com<\/a><br \/>\n<a href=\"mailto:ela@avukatipekoyakural.com\">ela@avukatipekoyakural.com<\/a><br \/>\nY\u0131ld\u0131z Mah. \u00c7\u0131ra\u011fan Cad. Fuat K\u0131r\u015fan Apt. No:43 Daire:2 Be\u015fikta\u015f \/ \u0130stanbul<br \/>\n<img decoding=\"async\" class=\"alignnone size-full wp-image-971\" src=\"https:\/\/www.avukatipekoyakural.com\/en\/wp-content\/uploads\/2024\/02\/yenilogoavipek150ENG.png\" alt=\"\" width=\"111\" height=\"150\" \/><\/p>\n<\/div>\n<\/div><\/div><\/div><div id=\"pgc-36-0-1\"  class=\"panel-grid-cell\" ><div id=\"panel-36-0-1-0\" class=\"widget_text so-panel widget widget_custom_html panel-first-child panel-last-child\" data-index=\"1\" ><div class=\"textwidget custom-html-widget\"><iframe src=\"https:\/\/www.google.com\/maps\/embed?pb=!1m18!1m12!1m3!1d96359.61091616482!2d28.980594322427947!3d40.99816716640423!2m3!1f0!2f0!3f0!3m2!1i1024!2i768!4f13.1!3m3!1m2!1s0x0%3A0x9b6358d42ce98c51!2sKURAL+HUKUK+B%C3%9CROSU+%2F+LAW+OFFICE!5e0!3m2!1str!2str!4v1547740031032\" width=\"600\" height=\"450\" frameborder=\"0\" style=\"border:0\" allowfullscreen><\/iframe><\/div><\/div><\/div><\/div><\/div>","protected":false},"excerpt":{"rendered":"<p> <span class=\"more-button\"><a class=\"button-minimal\" href=\"https:\/\/www.avukatipekoyakural.com\/en\/iletisim\/\">Devam\u0131n\u0131 Oku &#8230;<\/a><\/span><\/p>\n","protected":false},"author":1,"featured_media":0,"parent":0,"menu_order":0,"comment_status":"closed","ping_status":"closed","template":"","meta":{"footnotes":""},"class_list":["post-36","page","type-page","status-publish","hentry"],"yoast_head":"<!-- This site is optimized with the Yoast SEO plugin v23.8 - https:\/\/yoast.com\/wordpress\/plugins\/seo\/ -->\n<title>Contact Lawyer \u0130pek Oya Kural - Kural Law Office<\/title>\n<meta name=\"robots\" content=\"index, follow, max-snippet:-1, max-image-preview:large, max-video-preview:-1\" \/>\n<link rel=\"canonical\" href=\"https:\/\/www.avukatipekoyakural.com\/en\/iletisim\/\" \/>\n<meta property=\"og:locale\" content=\"tr_TR\" \/>\n<meta property=\"og:type\" content=\"article\" \/>\n<meta property=\"og:title\" content=\"Contact Lawyer \u0130pek Oya Kural - Kural Law Office\" \/>\n<meta property=\"og:description\" content=\"Devam\u0131n\u0131 Oku ...\" \/>\n<meta property=\"og:url\" content=\"https:\/\/www.avukatipekoyakural.com\/en\/iletisim\/\" \/>\n<meta property=\"og:site_name\" content=\"Avukat \u0130pek Oya Kural\" \/>\n<meta property=\"article:publisher\" content=\"https:\/\/www.facebook.com\/Avukat-Ipek-Oya-KURAL-413682579075362\/\" \/>\n<meta property=\"article:modified_time\" content=\"2024-11-23T10:42:42+00:00\" \/>\n<meta property=\"og:image\" content=\"https:\/\/www.avukatipekoyakural.com\/en\/wp-content\/uploads\/2024\/02\/yenilogoavipek150ENG.png\" \/>\n\t<meta property=\"og:image:width\" content=\"111\" \/>\n\t<meta property=\"og:image:height\" content=\"150\" \/>\n\t<meta property=\"og:image:type\" content=\"image\/png\" \/>\n<meta name=\"twitter:card\" content=\"summary_large_image\" \/>\n<meta name=\"twitter:site\" content=\"@Avipekoyakural\" \/>\n<meta name=\"twitter:label1\" content=\"Tahmini okuma s\u00fcresi\" \/>\n\t<meta name=\"twitter:data1\" content=\"1 dakika\" \/>\n<script type=\"application\/ld+json\" class=\"yoast-schema-graph\">{\"@context\":\"https:\/\/schema.org\",\"@graph\":[{\"@type\":\"WebPage\",\"@id\":\"https:\/\/www.avukatipekoyakural.com\/en\/iletisim\/\",\"url\":\"https:\/\/www.avukatipekoyakural.com\/en\/iletisim\/\",\"name\":\"Contact Lawyer \u0130pek Oya Kural - Kural Law Office\",\"isPartOf\":{\"@id\":\"https:\/\/www.avukatipekoyakural.com\/en\/#website\"},\"primaryImageOfPage\":{\"@id\":\"https:\/\/www.avukatipekoyakural.com\/en\/iletisim\/#primaryimage\"},\"image\":{\"@id\":\"https:\/\/www.avukatipekoyakural.com\/en\/iletisim\/#primaryimage\"},\"thumbnailUrl\":\"https:\/\/www.avukatipekoyakural.com\/en\/wp-content\/uploads\/2024\/02\/yenilogoavipek150ENG.png\",\"datePublished\":\"2018-02-13T15:26:57+00:00\",\"dateModified\":\"2024-11-23T10:42:42+00:00\",\"breadcrumb\":{\"@id\":\"https:\/\/www.avukatipekoyakural.com\/en\/iletisim\/#breadcrumb\"},\"inLanguage\":\"tr\",\"potentialAction\":[{\"@type\":\"ReadAction\",\"target\":[\"https:\/\/www.avukatipekoyakural.com\/en\/iletisim\/\"]}]},{\"@type\":\"ImageObject\",\"inLanguage\":\"tr\",\"@id\":\"https:\/\/www.avukatipekoyakural.com\/en\/iletisim\/#primaryimage\",\"url\":\"https:\/\/www.avukatipekoyakural.com\/en\/wp-content\/uploads\/2024\/02\/yenilogoavipek150ENG.png\",\"contentUrl\":\"https:\/\/www.avukatipekoyakural.com\/en\/wp-content\/uploads\/2024\/02\/yenilogoavipek150ENG.png\",\"width\":111,\"height\":150},{\"@type\":\"BreadcrumbList\",\"@id\":\"https:\/\/www.avukatipekoyakural.com\/en\/iletisim\/#breadcrumb\",\"itemListElement\":[{\"@type\":\"ListItem\",\"position\":1,\"name\":\"Ana sayfa\",\"item\":\"https:\/\/www.avukatipekoyakural.com\/en\/\"},{\"@type\":\"ListItem\",\"position\":2,\"name\":\"\u0130leti\u015fim\"}]},{\"@type\":\"WebSite\",\"@id\":\"https:\/\/www.avukatipekoyakural.com\/en\/#website\",\"url\":\"https:\/\/www.avukatipekoyakural.com\/en\/\",\"name\":\"Avukat \u0130pek Oya Kural\",\"description\":\"Avukatl\u0131k Hizmetleri\",\"potentialAction\":[{\"@type\":\"SearchAction\",\"target\":{\"@type\":\"EntryPoint\",\"urlTemplate\":\"https:\/\/www.avukatipekoyakural.com\/en\/?s={search_term_string}\"},\"query-input\":{\"@type\":\"PropertyValueSpecification\",\"valueRequired\":true,\"valueName\":\"search_term_string\"}}],\"inLanguage\":\"tr\"}]}<\/script>\n<!-- \/ Yoast SEO plugin. -->","yoast_head_json":{"title":"Contact Lawyer \u0130pek Oya Kural - Kural Law Office","robots":{"index":"index","follow":"follow","max-snippet":"max-snippet:-1","max-image-preview":"max-image-preview:large","max-video-preview":"max-video-preview:-1"},"canonical":"https:\/\/www.avukatipekoyakural.com\/en\/iletisim\/","og_locale":"tr_TR","og_type":"article","og_title":"Contact Lawyer \u0130pek Oya Kural - Kural Law Office","og_description":"Devam\u0131n\u0131 Oku ...","og_url":"https:\/\/www.avukatipekoyakural.com\/en\/iletisim\/","og_site_name":"Avukat \u0130pek Oya Kural","article_publisher":"https:\/\/www.facebook.com\/Avukat-Ipek-Oya-KURAL-413682579075362\/","article_modified_time":"2024-11-23T10:42:42+00:00","og_image":[{"width":111,"height":150,"url":"https:\/\/www.avukatipekoyakural.com\/en\/wp-content\/uploads\/2024\/02\/yenilogoavipek150ENG.png","type":"image\/png"}],"twitter_card":"summary_large_image","twitter_site":"@Avipekoyakural","twitter_misc":{"Tahmini okuma s\u00fcresi":"1 dakika"},"schema":{"@context":"https:\/\/schema.org","@graph":[{"@type":"WebPage","@id":"https:\/\/www.avukatipekoyakural.com\/en\/iletisim\/","url":"https:\/\/www.avukatipekoyakural.com\/en\/iletisim\/","name":"Contact Lawyer \u0130pek Oya Kural - Kural Law Office","isPartOf":{"@id":"https:\/\/www.avukatipekoyakural.com\/en\/#website"},"primaryImageOfPage":{"@id":"https:\/\/www.avukatipekoyakural.com\/en\/iletisim\/#primaryimage"},"image":{"@id":"https:\/\/www.avukatipekoyakural.com\/en\/iletisim\/#primaryimage"},"thumbnailUrl":"https:\/\/www.avukatipekoyakural.com\/en\/wp-content\/uploads\/2024\/02\/yenilogoavipek150ENG.png","datePublished":"2018-02-13T15:26:57+00:00","dateModified":"2024-11-23T10:42:42+00:00","breadcrumb":{"@id":"https:\/\/www.avukatipekoyakural.com\/en\/iletisim\/#breadcrumb"},"inLanguage":"tr","potentialAction":[{"@type":"ReadAction","target":["https:\/\/www.avukatipekoyakural.com\/en\/iletisim\/"]}]},{"@type":"ImageObject","inLanguage":"tr","@id":"https:\/\/www.avukatipekoyakural.com\/en\/iletisim\/#primaryimage","url":"https:\/\/www.avukatipekoyakural.com\/en\/wp-content\/uploads\/2024\/02\/yenilogoavipek150ENG.png","contentUrl":"https:\/\/www.avukatipekoyakural.com\/en\/wp-content\/uploads\/2024\/02\/yenilogoavipek150ENG.png","width":111,"height":150},{"@type":"BreadcrumbList","@id":"https:\/\/www.avukatipekoyakural.com\/en\/iletisim\/#breadcrumb","itemListElement":[{"@type":"ListItem","position":1,"name":"Ana sayfa","item":"https:\/\/www.avukatipekoyakural.com\/en\/"},{"@type":"ListItem","position":2,"name":"\u0130leti\u015fim"}]},{"@type":"WebSite","@id":"https:\/\/www.avukatipekoyakural.com\/en\/#website","url":"https:\/\/www.avukatipekoyakural.com\/en\/","name":"Avukat \u0130pek Oya Kural","description":"Avukatl\u0131k Hizmetleri","potentialAction":[{"@type":"SearchAction","target":{"@type":"EntryPoint","urlTemplate":"https:\/\/www.avukatipekoyakural.com\/en\/?s={search_term_string}"},"query-input":{"@type":"PropertyValueSpecification","valueRequired":true,"valueName":"search_term_string"}}],"inLanguage":"tr"}]}},"_links":{"self":[{"href":"https:\/\/www.avukatipekoyakural.com\/en\/wp-json\/wp\/v2\/pages\/36","targetHints":{"allow":["GET"]}}],"collection":[{"href":"https:\/\/www.avukatipekoyakural.com\/en\/wp-json\/wp\/v2\/pages"}],"about":[{"href":"https:\/\/www.avukatipekoyakural.com\/en\/wp-json\/wp\/v2\/types\/page"}],"author":[{"embeddable":true,"href":"https:\/\/www.avukatipekoyakural.com\/en\/wp-json\/wp\/v2\/users\/1"}],"replies":[{"embeddable":true,"href":"https:\/\/www.avukatipekoyakural.com\/en\/wp-json\/wp\/v2\/comments?post=36"}],"version-history":[{"count":94,"href":"https:\/\/www.avukatipekoyakural.com\/en\/wp-json\/wp\/v2\/pages\/36\/revisions"}],"predecessor-version":[{"id":1012,"href":"https:\/\/www.avukatipekoyakural.com\/en\/wp-json\/wp\/v2\/pages\/36\/revisions\/1012"}],"wp:attachment":[{"href":"https:\/\/www.avukatipekoyakural.com\/en\/wp-json\/wp\/v2\/media?parent=36"}],"curies":[{"name":"wp","href":"https:\/\/api.w.org\/{rel}","templated":true}]}}