{"id":591,"date":"2018-02-27T13:32:28","date_gmt":"2018-02-27T13:32:28","guid":{"rendered":"http:\/\/www.avukatipekoyakural.com\/en\/?page_id=591"},"modified":"2024-11-23T13:38:32","modified_gmt":"2024-11-23T10:38:32","slug":"faydali-linkler","status":"publish","type":"page","link":"https:\/\/www.avukatipekoyakural.com\/en\/faydali-linkler\/","title":{"rendered":"Faydal\u0131 Linkler"},"content":{"rendered":"<h3>Important Links<\/h3>\n<p><a href=\"https:\/\/www.barobirlik.org.tr\/\">T\u00fcrk Barolar Birli\u011fi<\/a><br \/>\n<a href=\"https:\/\/www.yargitay.gov.tr\/\">Yarg\u0131tay<\/a><br \/>\n<a href=\"http:\/\/www.danistay.gov.tr\/\">Dan\u0131\u015ftay<\/a><br \/>\n<a href=\"http:\/\/www.adalet.gov.tr\/\">Adalet Bakanl\u0131\u011f\u0131<\/a><br \/>\n<a href=\"https:\/\/giris.turkiye.gov.tr\/Giris\/\">E Devlet<\/a><br \/>\n<a href=\"https:\/\/www.tkgm.gov.tr\/tr\">Tapu Kadastro<\/a><\/p>\n<p><img decoding=\"async\" class=\"alignnone size-full wp-image-971\" src=\"https:\/\/www.avukatipekoyakural.com\/en\/wp-content\/uploads\/2024\/02\/yenilogoavipek150ENG.png\" alt=\"\" width=\"111\" height=\"150\" \/><\/p>\n<p>&nbsp;<\/p>\n","protected":false},"excerpt":{"rendered":"<p> <span class=\"more-button\"><a class=\"button-minimal\" href=\"https:\/\/www.avukatipekoyakural.com\/en\/faydali-linkler\/\">Devam\u0131n\u0131 Oku &#8230;<\/a><\/span><\/p>\n","protected":false},"author":1,"featured_media":0,"parent":0,"menu_order":0,"comment_status":"closed","ping_status":"closed","template":"","meta":{"footnotes":""},"class_list":["post-591","page","type-page","status-publish","hentry"],"yoast_head":"<!-- This site is optimized with the Yoast SEO plugin v23.8 - https:\/\/yoast.com\/wordpress\/plugins\/seo\/ -->\n<title>Lawyer Ipek Oya Kural- Kural Law Office<\/title>\n<meta name=\"robots\" content=\"index, follow, max-snippet:-1, max-image-preview:large, max-video-preview:-1\" \/>\n<link rel=\"canonical\" href=\"https:\/\/www.avukatipekoyakural.com\/en\/faydali-linkler\/\" \/>\n<meta property=\"og:locale\" content=\"tr_TR\" \/>\n<meta property=\"og:type\" content=\"article\" \/>\n<meta property=\"og:title\" content=\"Lawyer Ipek Oya Kural- Kural Law Office\" \/>\n<meta property=\"og:description\" content=\"Devam\u0131n\u0131 Oku ...\" \/>\n<meta property=\"og:url\" content=\"https:\/\/www.avukatipekoyakural.com\/en\/faydali-linkler\/\" \/>\n<meta property=\"og:site_name\" content=\"Avukat \u0130pek Oya Kural\" \/>\n<meta property=\"article:publisher\" content=\"https:\/\/www.facebook.com\/Avukat-Ipek-Oya-KURAL-413682579075362\/\" \/>\n<meta property=\"article:modified_time\" content=\"2024-11-23T10:38:32+00:00\" \/>\n<meta property=\"og:image\" content=\"https:\/\/www.avukatipekoyakural.com\/en\/wp-content\/uploads\/2024\/02\/yenilogoavipek150ENG.png\" \/>\n\t<meta property=\"og:image:width\" content=\"111\" \/>\n\t<meta property=\"og:image:height\" content=\"150\" \/>\n\t<meta property=\"og:image:type\" content=\"image\/png\" \/>\n<meta name=\"twitter:card\" content=\"summary_large_image\" \/>\n<meta name=\"twitter:site\" content=\"@Avipekoyakural\" \/>\n<meta name=\"twitter:label1\" content=\"Tahmini okuma s\u00fcresi\" \/>\n\t<meta name=\"twitter:data1\" content=\"1 dakika\" \/>\n<script type=\"application\/ld+json\" class=\"yoast-schema-graph\">{\"@context\":\"https:\/\/schema.org\",\"@graph\":[{\"@type\":\"WebPage\",\"@id\":\"https:\/\/www.avukatipekoyakural.com\/en\/faydali-linkler\/\",\"url\":\"https:\/\/www.avukatipekoyakural.com\/en\/faydali-linkler\/\",\"name\":\"Lawyer Ipek Oya Kural- Kural Law Office\",\"isPartOf\":{\"@id\":\"https:\/\/www.avukatipekoyakural.com\/en\/#website\"},\"primaryImageOfPage\":{\"@id\":\"https:\/\/www.avukatipekoyakural.com\/en\/faydali-linkler\/#primaryimage\"},\"image\":{\"@id\":\"https:\/\/www.avukatipekoyakural.com\/en\/faydali-linkler\/#primaryimage\"},\"thumbnailUrl\":\"https:\/\/www.avukatipekoyakural.com\/en\/wp-content\/uploads\/2024\/02\/yenilogoavipek150ENG.png\",\"datePublished\":\"2018-02-27T13:32:28+00:00\",\"dateModified\":\"2024-11-23T10:38:32+00:00\",\"breadcrumb\":{\"@id\":\"https:\/\/www.avukatipekoyakural.com\/en\/faydali-linkler\/#breadcrumb\"},\"inLanguage\":\"tr\",\"potentialAction\":[{\"@type\":\"ReadAction\",\"target\":[\"https:\/\/www.avukatipekoyakural.com\/en\/faydali-linkler\/\"]}]},{\"@type\":\"ImageObject\",\"inLanguage\":\"tr\",\"@id\":\"https:\/\/www.avukatipekoyakural.com\/en\/faydali-linkler\/#primaryimage\",\"url\":\"https:\/\/www.avukatipekoyakural.com\/en\/wp-content\/uploads\/2024\/02\/yenilogoavipek150ENG.png\",\"contentUrl\":\"https:\/\/www.avukatipekoyakural.com\/en\/wp-content\/uploads\/2024\/02\/yenilogoavipek150ENG.png\",\"width\":111,\"height\":150},{\"@type\":\"BreadcrumbList\",\"@id\":\"https:\/\/www.avukatipekoyakural.com\/en\/faydali-linkler\/#breadcrumb\",\"itemListElement\":[{\"@type\":\"ListItem\",\"position\":1,\"name\":\"Ana sayfa\",\"item\":\"https:\/\/www.avukatipekoyakural.com\/en\/\"},{\"@type\":\"ListItem\",\"position\":2,\"name\":\"Faydal\u0131 Linkler\"}]},{\"@type\":\"WebSite\",\"@id\":\"https:\/\/www.avukatipekoyakural.com\/en\/#website\",\"url\":\"https:\/\/www.avukatipekoyakural.com\/en\/\",\"name\":\"Avukat \u0130pek Oya Kural\",\"description\":\"Avukatl\u0131k Hizmetleri\",\"potentialAction\":[{\"@type\":\"SearchAction\",\"target\":{\"@type\":\"EntryPoint\",\"urlTemplate\":\"https:\/\/www.avukatipekoyakural.com\/en\/?s={search_term_string}\"},\"query-input\":{\"@type\":\"PropertyValueSpecification\",\"valueRequired\":true,\"valueName\":\"search_term_string\"}}],\"inLanguage\":\"tr\"}]}<\/script>\n<!-- \/ Yoast SEO plugin. -->","yoast_head_json":{"title":"Lawyer Ipek Oya Kural- Kural Law Office","robots":{"index":"index","follow":"follow","max-snippet":"max-snippet:-1","max-image-preview":"max-image-preview:large","max-video-preview":"max-video-preview:-1"},"canonical":"https:\/\/www.avukatipekoyakural.com\/en\/faydali-linkler\/","og_locale":"tr_TR","og_type":"article","og_title":"Lawyer Ipek Oya Kural- Kural Law Office","og_description":"Devam\u0131n\u0131 Oku ...","og_url":"https:\/\/www.avukatipekoyakural.com\/en\/faydali-linkler\/","og_site_name":"Avukat \u0130pek Oya Kural","article_publisher":"https:\/\/www.facebook.com\/Avukat-Ipek-Oya-KURAL-413682579075362\/","article_modified_time":"2024-11-23T10:38:32+00:00","og_image":[{"width":111,"height":150,"url":"https:\/\/www.avukatipekoyakural.com\/en\/wp-content\/uploads\/2024\/02\/yenilogoavipek150ENG.png","type":"image\/png"}],"twitter_card":"summary_large_image","twitter_site":"@Avipekoyakural","twitter_misc":{"Tahmini okuma s\u00fcresi":"1 dakika"},"schema":{"@context":"https:\/\/schema.org","@graph":[{"@type":"WebPage","@id":"https:\/\/www.avukatipekoyakural.com\/en\/faydali-linkler\/","url":"https:\/\/www.avukatipekoyakural.com\/en\/faydali-linkler\/","name":"Lawyer Ipek Oya Kural- Kural Law Office","isPartOf":{"@id":"https:\/\/www.avukatipekoyakural.com\/en\/#website"},"primaryImageOfPage":{"@id":"https:\/\/www.avukatipekoyakural.com\/en\/faydali-linkler\/#primaryimage"},"image":{"@id":"https:\/\/www.avukatipekoyakural.com\/en\/faydali-linkler\/#primaryimage"},"thumbnailUrl":"https:\/\/www.avukatipekoyakural.com\/en\/wp-content\/uploads\/2024\/02\/yenilogoavipek150ENG.png","datePublished":"2018-02-27T13:32:28+00:00","dateModified":"2024-11-23T10:38:32+00:00","breadcrumb":{"@id":"https:\/\/www.avukatipekoyakural.com\/en\/faydali-linkler\/#breadcrumb"},"inLanguage":"tr","potentialAction":[{"@type":"ReadAction","target":["https:\/\/www.avukatipekoyakural.com\/en\/faydali-linkler\/"]}]},{"@type":"ImageObject","inLanguage":"tr","@id":"https:\/\/www.avukatipekoyakural.com\/en\/faydali-linkler\/#primaryimage","url":"https:\/\/www.avukatipekoyakural.com\/en\/wp-content\/uploads\/2024\/02\/yenilogoavipek150ENG.png","contentUrl":"https:\/\/www.avukatipekoyakural.com\/en\/wp-content\/uploads\/2024\/02\/yenilogoavipek150ENG.png","width":111,"height":150},{"@type":"BreadcrumbList","@id":"https:\/\/www.avukatipekoyakural.com\/en\/faydali-linkler\/#breadcrumb","itemListElement":[{"@type":"ListItem","position":1,"name":"Ana sayfa","item":"https:\/\/www.avukatipekoyakural.com\/en\/"},{"@type":"ListItem","position":2,"name":"Faydal\u0131 Linkler"}]},{"@type":"WebSite","@id":"https:\/\/www.avukatipekoyakural.com\/en\/#website","url":"https:\/\/www.avukatipekoyakural.com\/en\/","name":"Avukat \u0130pek Oya Kural","description":"Avukatl\u0131k Hizmetleri","potentialAction":[{"@type":"SearchAction","target":{"@type":"EntryPoint","urlTemplate":"https:\/\/www.avukatipekoyakural.com\/en\/?s={search_term_string}"},"query-input":{"@type":"PropertyValueSpecification","valueRequired":true,"valueName":"search_term_string"}}],"inLanguage":"tr"}]}},"_links":{"self":[{"href":"https:\/\/www.avukatipekoyakural.com\/en\/wp-json\/wp\/v2\/pages\/591","targetHints":{"allow":["GET"]}}],"collection":[{"href":"https:\/\/www.avukatipekoyakural.com\/en\/wp-json\/wp\/v2\/pages"}],"about":[{"href":"https:\/\/www.avukatipekoyakural.com\/en\/wp-json\/wp\/v2\/types\/page"}],"author":[{"embeddable":true,"href":"https:\/\/www.avukatipekoyakural.com\/en\/wp-json\/wp\/v2\/users\/1"}],"replies":[{"embeddable":true,"href":"https:\/\/www.avukatipekoyakural.com\/en\/wp-json\/wp\/v2\/comments?post=591"}],"version-history":[{"count":10,"href":"https:\/\/www.avukatipekoyakural.com\/en\/wp-json\/wp\/v2\/pages\/591\/revisions"}],"predecessor-version":[{"id":1009,"href":"https:\/\/www.avukatipekoyakural.com\/en\/wp-json\/wp\/v2\/pages\/591\/revisions\/1009"}],"wp:attachment":[{"href":"https:\/\/www.avukatipekoyakural.com\/en\/wp-json\/wp\/v2\/media?parent=591"}],"curies":[{"name":"wp","href":"https:\/\/api.w.org\/{rel}","templated":true}]}}