{"id":663,"date":"2018-06-01T15:23:48","date_gmt":"2018-06-01T15:23:48","guid":{"rendered":"http:\/\/www.avukatipekoyakural.com\/en\/?page_id=663"},"modified":"2024-11-17T18:37:56","modified_gmt":"2024-11-17T15:37:56","slug":"basinda-biz","status":"publish","type":"page","link":"https:\/\/www.avukatipekoyakural.com\/en\/basinda-biz\/","title":{"rendered":"Bas\u0131nda Biz"},"content":{"rendered":"<p><iframe title=\"\u00d6ZGE VARDARLI ile \u0130\u015e\u0130 B\u0130LEN l AVUKAT l \u0130PEK OYA KURAL\" width=\"910\" height=\"512\" src=\"https:\/\/www.youtube.com\/embed\/h_IBK-pCvKQ?feature=oembed\" frameborder=\"0\" allow=\"accelerometer; autoplay; clipboard-write; encrypted-media; gyroscope; picture-in-picture; web-share\" referrerpolicy=\"strict-origin-when-cross-origin\" allowfullscreen><\/iframe><\/p>\n<p>&nbsp;<\/p>\n<p><iframe title=\"\u0130PEK OYA KURAL\" width=\"910\" height=\"512\" src=\"https:\/\/www.youtube.com\/embed\/7ZJ-ETyETPM?feature=oembed\" frameborder=\"0\" allow=\"accelerometer; autoplay; clipboard-write; encrypted-media; gyroscope; picture-in-picture; web-share\" referrerpolicy=\"strict-origin-when-cross-origin\" allowfullscreen><\/iframe><\/p>\n<p>&nbsp;<\/p>\n","protected":false},"excerpt":{"rendered":"<p> <span class=\"more-button\"><a class=\"button-minimal\" href=\"https:\/\/www.avukatipekoyakural.com\/en\/basinda-biz\/\">Devam\u0131n\u0131 Oku &#8230;<\/a><\/span><\/p>\n","protected":false},"author":1,"featured_media":0,"parent":0,"menu_order":0,"comment_status":"closed","ping_status":"closed","template":"","meta":{"footnotes":""},"class_list":["post-663","page","type-page","status-publish","hentry"],"yoast_head":"<!-- This site is optimized with the Yoast SEO plugin v23.8 - https:\/\/yoast.com\/wordpress\/plugins\/seo\/ -->\n<title>Lawyer Ipek Oya Kural- Kural Law Office<\/title>\n<meta name=\"robots\" content=\"index, follow, max-snippet:-1, max-image-preview:large, max-video-preview:-1\" \/>\n<link rel=\"canonical\" href=\"https:\/\/www.avukatipekoyakural.com\/en\/basinda-biz\/\" \/>\n<meta property=\"og:locale\" content=\"tr_TR\" \/>\n<meta property=\"og:type\" content=\"article\" \/>\n<meta property=\"og:title\" content=\"Lawyer Ipek Oya Kural- Kural Law Office\" \/>\n<meta property=\"og:description\" content=\"Devam\u0131n\u0131 Oku ...\" \/>\n<meta property=\"og:url\" content=\"https:\/\/www.avukatipekoyakural.com\/en\/basinda-biz\/\" \/>\n<meta property=\"og:site_name\" content=\"Avukat \u0130pek Oya Kural\" \/>\n<meta property=\"article:publisher\" content=\"https:\/\/www.facebook.com\/Avukat-Ipek-Oya-KURAL-413682579075362\/\" \/>\n<meta property=\"article:modified_time\" content=\"2024-11-17T15:37:56+00:00\" \/>\n<meta name=\"twitter:card\" content=\"summary_large_image\" \/>\n<meta name=\"twitter:site\" content=\"@Avipekoyakural\" \/>\n<meta name=\"twitter:label1\" content=\"Tahmini okuma s\u00fcresi\" \/>\n\t<meta name=\"twitter:data1\" content=\"1 dakika\" \/>\n<script type=\"application\/ld+json\" class=\"yoast-schema-graph\">{\"@context\":\"https:\/\/schema.org\",\"@graph\":[{\"@type\":\"WebPage\",\"@id\":\"https:\/\/www.avukatipekoyakural.com\/en\/basinda-biz\/\",\"url\":\"https:\/\/www.avukatipekoyakural.com\/en\/basinda-biz\/\",\"name\":\"Lawyer Ipek Oya Kural- Kural Law Office\",\"isPartOf\":{\"@id\":\"https:\/\/www.avukatipekoyakural.com\/en\/#website\"},\"datePublished\":\"2018-06-01T15:23:48+00:00\",\"dateModified\":\"2024-11-17T15:37:56+00:00\",\"breadcrumb\":{\"@id\":\"https:\/\/www.avukatipekoyakural.com\/en\/basinda-biz\/#breadcrumb\"},\"inLanguage\":\"tr\",\"potentialAction\":[{\"@type\":\"ReadAction\",\"target\":[\"https:\/\/www.avukatipekoyakural.com\/en\/basinda-biz\/\"]}]},{\"@type\":\"BreadcrumbList\",\"@id\":\"https:\/\/www.avukatipekoyakural.com\/en\/basinda-biz\/#breadcrumb\",\"itemListElement\":[{\"@type\":\"ListItem\",\"position\":1,\"name\":\"Ana sayfa\",\"item\":\"https:\/\/www.avukatipekoyakural.com\/en\/\"},{\"@type\":\"ListItem\",\"position\":2,\"name\":\"Bas\u0131nda Biz\"}]},{\"@type\":\"WebSite\",\"@id\":\"https:\/\/www.avukatipekoyakural.com\/en\/#website\",\"url\":\"https:\/\/www.avukatipekoyakural.com\/en\/\",\"name\":\"Avukat \u0130pek Oya Kural\",\"description\":\"Avukatl\u0131k Hizmetleri\",\"potentialAction\":[{\"@type\":\"SearchAction\",\"target\":{\"@type\":\"EntryPoint\",\"urlTemplate\":\"https:\/\/www.avukatipekoyakural.com\/en\/?s={search_term_string}\"},\"query-input\":{\"@type\":\"PropertyValueSpecification\",\"valueRequired\":true,\"valueName\":\"search_term_string\"}}],\"inLanguage\":\"tr\"}]}<\/script>\n<!-- \/ Yoast SEO plugin. -->","yoast_head_json":{"title":"Lawyer Ipek Oya Kural- Kural Law Office","robots":{"index":"index","follow":"follow","max-snippet":"max-snippet:-1","max-image-preview":"max-image-preview:large","max-video-preview":"max-video-preview:-1"},"canonical":"https:\/\/www.avukatipekoyakural.com\/en\/basinda-biz\/","og_locale":"tr_TR","og_type":"article","og_title":"Lawyer Ipek Oya Kural- Kural Law Office","og_description":"Devam\u0131n\u0131 Oku ...","og_url":"https:\/\/www.avukatipekoyakural.com\/en\/basinda-biz\/","og_site_name":"Avukat \u0130pek Oya Kural","article_publisher":"https:\/\/www.facebook.com\/Avukat-Ipek-Oya-KURAL-413682579075362\/","article_modified_time":"2024-11-17T15:37:56+00:00","twitter_card":"summary_large_image","twitter_site":"@Avipekoyakural","twitter_misc":{"Tahmini okuma s\u00fcresi":"1 dakika"},"schema":{"@context":"https:\/\/schema.org","@graph":[{"@type":"WebPage","@id":"https:\/\/www.avukatipekoyakural.com\/en\/basinda-biz\/","url":"https:\/\/www.avukatipekoyakural.com\/en\/basinda-biz\/","name":"Lawyer Ipek Oya Kural- Kural Law Office","isPartOf":{"@id":"https:\/\/www.avukatipekoyakural.com\/en\/#website"},"datePublished":"2018-06-01T15:23:48+00:00","dateModified":"2024-11-17T15:37:56+00:00","breadcrumb":{"@id":"https:\/\/www.avukatipekoyakural.com\/en\/basinda-biz\/#breadcrumb"},"inLanguage":"tr","potentialAction":[{"@type":"ReadAction","target":["https:\/\/www.avukatipekoyakural.com\/en\/basinda-biz\/"]}]},{"@type":"BreadcrumbList","@id":"https:\/\/www.avukatipekoyakural.com\/en\/basinda-biz\/#breadcrumb","itemListElement":[{"@type":"ListItem","position":1,"name":"Ana sayfa","item":"https:\/\/www.avukatipekoyakural.com\/en\/"},{"@type":"ListItem","position":2,"name":"Bas\u0131nda Biz"}]},{"@type":"WebSite","@id":"https:\/\/www.avukatipekoyakural.com\/en\/#website","url":"https:\/\/www.avukatipekoyakural.com\/en\/","name":"Avukat \u0130pek Oya Kural","description":"Avukatl\u0131k Hizmetleri","potentialAction":[{"@type":"SearchAction","target":{"@type":"EntryPoint","urlTemplate":"https:\/\/www.avukatipekoyakural.com\/en\/?s={search_term_string}"},"query-input":{"@type":"PropertyValueSpecification","valueRequired":true,"valueName":"search_term_string"}}],"inLanguage":"tr"}]}},"_links":{"self":[{"href":"https:\/\/www.avukatipekoyakural.com\/en\/wp-json\/wp\/v2\/pages\/663","targetHints":{"allow":["GET"]}}],"collection":[{"href":"https:\/\/www.avukatipekoyakural.com\/en\/wp-json\/wp\/v2\/pages"}],"about":[{"href":"https:\/\/www.avukatipekoyakural.com\/en\/wp-json\/wp\/v2\/types\/page"}],"author":[{"embeddable":true,"href":"https:\/\/www.avukatipekoyakural.com\/en\/wp-json\/wp\/v2\/users\/1"}],"replies":[{"embeddable":true,"href":"https:\/\/www.avukatipekoyakural.com\/en\/wp-json\/wp\/v2\/comments?post=663"}],"version-history":[{"count":5,"href":"https:\/\/www.avukatipekoyakural.com\/en\/wp-json\/wp\/v2\/pages\/663\/revisions"}],"predecessor-version":[{"id":991,"href":"https:\/\/www.avukatipekoyakural.com\/en\/wp-json\/wp\/v2\/pages\/663\/revisions\/991"}],"wp:attachment":[{"href":"https:\/\/www.avukatipekoyakural.com\/en\/wp-json\/wp\/v2\/media?parent=663"}],"curies":[{"name":"wp","href":"https:\/\/api.w.org\/{rel}","templated":true}]}}